{"id":295,"date":"2024-10-12T18:53:19","date_gmt":"2024-10-12T18:53:19","guid":{"rendered":"https:\/\/conectaia.online\/cosidos\/?page_id=295"},"modified":"2024-10-27T21:30:56","modified_gmt":"2024-10-27T21:30:56","slug":"ideabook-profesional","status":"publish","type":"page","link":"https:\/\/cuadernoscosidos.com\/en\/ideabook-profesional\/","title":{"rendered":"Ideabook profesional"},"content":{"rendered":"<div data-elementor-type=\"wp-page\" data-elementor-id=\"295\" class=\"elementor elementor-295\">\n\t\t\t\t<div class=\"elementor-element elementor-element-54d2673 e-flex e-con-boxed e-con e-parent\" data-id=\"54d2673\" data-element_type=\"container\">\n\t\t\t\t\t<div class=\"e-con-inner\">\n\t\t<div class=\"elementor-element elementor-element-f2365e4 e-con-full e-flex e-con e-child\" data-id=\"f2365e4\" data-element_type=\"container\">\n\t\t\t\t<div class=\"elementor-element elementor-element-2c03071 elementor-widget elementor-widget-heading\" data-id=\"2c03071\" data-element_type=\"widget\" data-widget_type=\"heading.default\">\n\t\t\t\t<div class=\"elementor-widget-container\">\n\t\t\t<h2 class=\"elementor-heading-title elementor-size-default\">Professional Ideabook\n<\/h2>\t\t<\/div>\n\t\t\t\t<\/div>\n\t\t\t\t<div class=\"elementor-element elementor-element-0600efb elementor-widget elementor-widget-image\" data-id=\"0600efb\" data-element_type=\"widget\" data-widget_type=\"image.default\">\n\t\t\t\t<div class=\"elementor-widget-container\">\n\t\t\t\t\t\t\t\t\t\t\t\t\t<img fetchpriority=\"high\" decoding=\"async\" width=\"700\" height=\"549\" src=\"https:\/\/cuadernoscosidos.com\/wp-content\/uploads\/2024\/10\/arillo-metalico-ideabook-2.jpg\" class=\"attachment-large size-large wp-image-300\" alt=\"Cuaderno Arillo Met\u00e1lico Ideabook Cuadernos Cosidos - Cuaderno profesional con encuadernado de arillo met\u00e1lico\" srcset=\"https:\/\/cuadernoscosidos.com\/wp-content\/uploads\/2024\/10\/arillo-metalico-ideabook-2.jpg 700w, https:\/\/cuadernoscosidos.com\/wp-content\/uploads\/2024\/10\/arillo-metalico-ideabook-2-300x235.jpg 300w\" sizes=\"(max-width: 700px) 100vw, 700px\" \/>\t\t\t\t\t\t\t\t\t\t\t\t\t<\/div>\n\t\t\t\t<\/div>\n\t\t\t\t<\/div>\n\t\t<div class=\"elementor-element elementor-element-d1f0fdf e-con-full e-flex e-con e-child\" data-id=\"d1f0fdf\" data-element_type=\"container\">\n\t\t\t\t<div class=\"elementor-element elementor-element-67fcdd6 elementor-widget elementor-widget-text-editor\" data-id=\"67fcdd6\" data-element_type=\"widget\" data-widget_type=\"text-editor.default\">\n\t\t\t\t<div class=\"elementor-widget-container\">\n\t\t\t\t\t\t\t<p>Professional Style<br>The Ideabook sewn notebook features 100 sheets of white bond paper and a flexible cover available in different colors.<br>This notebook offers the following design options: ruled, double-ruled, grid, blank, dot and homework.<br>Ideal for the educational level: Middle School and High School<br>Its glossy cover allows the child to identify the subject more easily.<br>Size: Width: 20 cm, Length: 26 cm.<br>*Each notebook is sold separately.<\/p>\t\t\t\t\t\t<\/div>\n\t\t\t\t<\/div>\n\t\t\t\t<div class=\"elementor-element elementor-element-ff50a69 elementor-widget elementor-widget-shortcode\" data-id=\"ff50a69\" data-element_type=\"widget\" data-widget_type=\"shortcode.default\">\n\t\t\t\t<div class=\"elementor-widget-container\">\n\t\t\t\t\t<div class=\"elementor-shortcode\">\t\t<div data-elementor-type=\"wp-post\" data-elementor-id=\"265\" class=\"elementor elementor-265\">\n\t\t\t\t<div class=\"elementor-element elementor-element-7e73a5b e-flex e-con-boxed e-con e-parent\" data-id=\"7e73a5b\" data-element_type=\"container\">\n\t\t\t\t\t<div class=\"e-con-inner\">\n\t\t\t\t<div class=\"elementor-element elementor-element-0a6faa6 elementor-widget elementor-widget-button\" data-id=\"0a6faa6\" data-element_type=\"widget\" data-widget_type=\"button.default\">\n\t\t\t\t<div class=\"elementor-widget-container\">\n\t\t\t\t\t\t\t<div class=\"elementor-button-wrapper\">\n\t\t\t\t\t<a class=\"elementor-button elementor-button-link elementor-size-sm\" href=\"https:\/\/cuadernoscosidos.com\/en\/pre-orden\/\">\n\t\t\t\t\t\t<span class=\"elementor-button-content-wrapper\">\n\t\t\t\t\t\t\t\t\t<span class=\"elementor-button-text\">Get a Quote<\/span>\n\t\t\t\t\t<\/span>\n\t\t\t\t\t<\/a>\n\t\t\t\t<\/div>\n\t\t\t\t\t\t<\/div>\n\t\t\t\t<\/div>\n\t\t\t\t<div class=\"elementor-element elementor-element-8a890c7 elementor-widget elementor-widget-button\" data-id=\"8a890c7\" data-element_type=\"widget\" data-widget_type=\"button.default\">\n\t\t\t\t<div class=\"elementor-widget-container\">\n\t\t\t\t\t\t\t<div class=\"elementor-button-wrapper\">\n\t\t\t\t\t<a class=\"elementor-button elementor-button-link elementor-size-sm\" href=\"https:\/\/cuadernoscosidos.com\/en\/\">\n\t\t\t\t\t\t<span class=\"elementor-button-content-wrapper\">\n\t\t\t\t\t\t\t\t\t<span class=\"elementor-button-text\">Return to Home<\/span>\n\t\t\t\t\t<\/span>\n\t\t\t\t\t<\/a>\n\t\t\t\t<\/div>\n\t\t\t\t\t\t<\/div>\n\t\t\t\t<\/div>\n\t\t\t\t\t<\/div>\n\t\t\t\t<\/div>\n\t\t\t\t<\/div>\n\t\t<\/div>\n\t\t\t\t<\/div>\n\t\t\t\t<\/div>\n\t\t\t\t<\/div>\n\t\t\t\t\t<\/div>\n\t\t\t\t<\/div>\n\t\t\t\t<\/div>","protected":false},"excerpt":{"rendered":"<p>Profesional Ideabook Forma profesionalCuaderno cosido marca Ideabook cuenta con 100 hojas papel bond blanco y tapa flexibleen colores disponibles.Este cuaderno ofrece las siguentes opciones de dise\u00f1o: raya, dobleraya, cuadro, dibujo, puntos y tarea.Ideal para el nivel de escolaridad: Primaria.Su portada de color acabado brillante permite que el ni\u00f1o pueda identificar la materia m\u00e1s f\u00e1cil.Medida: Ancho: [&hellip;]<\/p>","protected":false},"author":1,"featured_media":299,"parent":0,"menu_order":0,"comment_status":"closed","ping_status":"closed","template":"elementor_header_footer","meta":{"footnotes":""},"class_list":["post-295","page","type-page","status-publish","has-post-thumbnail","hentry"],"_links":{"self":[{"href":"https:\/\/cuadernoscosidos.com\/en\/wp-json\/wp\/v2\/pages\/295","targetHints":{"allow":["GET"]}}],"collection":[{"href":"https:\/\/cuadernoscosidos.com\/en\/wp-json\/wp\/v2\/pages"}],"about":[{"href":"https:\/\/cuadernoscosidos.com\/en\/wp-json\/wp\/v2\/types\/page"}],"author":[{"embeddable":true,"href":"https:\/\/cuadernoscosidos.com\/en\/wp-json\/wp\/v2\/users\/1"}],"replies":[{"embeddable":true,"href":"https:\/\/cuadernoscosidos.com\/en\/wp-json\/wp\/v2\/comments?post=295"}],"version-history":[{"count":17,"href":"https:\/\/cuadernoscosidos.com\/en\/wp-json\/wp\/v2\/pages\/295\/revisions"}],"predecessor-version":[{"id":1265,"href":"https:\/\/cuadernoscosidos.com\/en\/wp-json\/wp\/v2\/pages\/295\/revisions\/1265"}],"wp:featuredmedia":[{"embeddable":true,"href":"https:\/\/cuadernoscosidos.com\/en\/wp-json\/wp\/v2\/media\/299"}],"wp:attachment":[{"href":"https:\/\/cuadernoscosidos.com\/en\/wp-json\/wp\/v2\/media?parent=295"}],"curies":[{"name":"wp","href":"https:\/\/api.w.org\/{rel}","templated":true}]}}