{"id":9,"date":"2024-10-12T14:46:39","date_gmt":"2024-10-12T14:46:39","guid":{"rendered":"https:\/\/conectaia.online\/cosidos\/?page_id=9"},"modified":"2024-10-29T16:27:42","modified_gmt":"2024-10-29T16:27:42","slug":"inicio","status":"publish","type":"page","link":"https:\/\/cuadernoscosidos.com\/en\/","title":{"rendered":"Inicio"},"content":{"rendered":"<div data-elementor-type=\"wp-page\" data-elementor-id=\"9\" class=\"elementor elementor-9\">\n\t\t\t\t<div class=\"elementor-element elementor-element-903b1a5 e-flex e-con-boxed e-con e-parent\" data-id=\"903b1a5\" data-element_type=\"container\">\n\t\t\t\t\t<div class=\"e-con-inner\">\n\t\t<div class=\"elementor-element elementor-element-aa92aad e-con-full e-flex e-con e-child\" data-id=\"aa92aad\" data-element_type=\"container\">\n\t\t\t\t<div class=\"elementor-element elementor-element-22deb21 elementor-widget elementor-widget-heading\" data-id=\"22deb21\" data-element_type=\"widget\" data-widget_type=\"heading.default\">\n\t\t\t\t<div class=\"elementor-widget-container\">\n\t\t\t<h2 class=\"elementor-heading-title elementor-size-default\">Italian Ideabook<\/h2>\t\t<\/div>\n\t\t\t\t<\/div>\n\t\t\t\t<div class=\"elementor-element elementor-element-99d936a elementor-widget elementor-widget-image\" data-id=\"99d936a\" data-element_type=\"widget\" data-widget_type=\"image.default\">\n\t\t\t\t<div class=\"elementor-widget-container\">\n\t\t\t\t\t\t\t\t\t\t\t\t\t\t<a href=\"https:\/\/cuadernoscosidos.com\/en\/ideabook-italiano\/\">\n\t\t\t\t\t\t\t<img fetchpriority=\"high\" decoding=\"async\" width=\"800\" height=\"838\" src=\"https:\/\/cuadernoscosidos.com\/wp-content\/uploads\/2024\/10\/italiano-ideabook.jpg\" class=\"attachment-large size-large wp-image-304\" alt=\"Cuaderno Italiano Ideabook de alta calidad con dise\u00f1o cl\u00e1sico.\" srcset=\"https:\/\/cuadernoscosidos.com\/wp-content\/uploads\/2024\/10\/italiano-ideabook.jpg 800w, https:\/\/cuadernoscosidos.com\/wp-content\/uploads\/2024\/10\/italiano-ideabook-286x300.jpg 286w, https:\/\/cuadernoscosidos.com\/wp-content\/uploads\/2024\/10\/italiano-ideabook-768x804.jpg 768w\" sizes=\"(max-width: 800px) 100vw, 800px\" \/>\t\t\t\t\t\t\t\t<\/a>\n\t\t\t\t\t\t\t\t\t\t\t\t\t<\/div>\n\t\t\t\t<\/div>\n\t\t\t\t<\/div>\n\t\t<div class=\"elementor-element elementor-element-82db9b7 e-con-full e-flex e-con e-child\" data-id=\"82db9b7\" data-element_type=\"container\">\n\t\t\t\t<div class=\"elementor-element elementor-element-7a8bdac elementor-widget elementor-widget-heading\" data-id=\"7a8bdac\" data-element_type=\"widget\" data-widget_type=\"heading.default\">\n\t\t\t\t<div class=\"elementor-widget-container\">\n\t\t\t<h2 class=\"elementor-heading-title elementor-size-default\">Professional Ideabook<\/h2>\t\t<\/div>\n\t\t\t\t<\/div>\n\t\t\t\t<div class=\"elementor-element elementor-element-0c53d8f elementor-widget elementor-widget-image\" data-id=\"0c53d8f\" data-element_type=\"widget\" data-widget_type=\"image.default\">\n\t\t\t\t<div class=\"elementor-widget-container\">\n\t\t\t\t\t\t\t\t\t\t\t\t\t\t<a href=\"https:\/\/cuadernoscosidos.com\/en\/ideabook-profesional\/\">\n\t\t\t\t\t\t\t<img decoding=\"async\" width=\"700\" height=\"549\" src=\"https:\/\/cuadernoscosidos.com\/wp-content\/uploads\/2024\/10\/arillo-metalico-ideabook-2.jpg\" class=\"attachment-large size-large wp-image-300\" alt=\"Cuaderno Arillo Met\u00e1lico Ideabook Cuadernos Cosidos - Cuaderno profesional con encuadernado de arillo met\u00e1lico\" srcset=\"https:\/\/cuadernoscosidos.com\/wp-content\/uploads\/2024\/10\/arillo-metalico-ideabook-2.jpg 700w, https:\/\/cuadernoscosidos.com\/wp-content\/uploads\/2024\/10\/arillo-metalico-ideabook-2-300x235.jpg 300w\" sizes=\"(max-width: 700px) 100vw, 700px\" \/>\t\t\t\t\t\t\t\t<\/a>\n\t\t\t\t\t\t\t\t\t\t\t\t\t<\/div>\n\t\t\t\t<\/div>\n\t\t\t\t<\/div>\n\t\t<div class=\"elementor-element elementor-element-3e52982 e-con-full e-flex e-con e-child\" data-id=\"3e52982\" data-element_type=\"container\">\n\t\t\t\t<div class=\"elementor-element elementor-element-b73342d elementor-widget elementor-widget-heading\" data-id=\"b73342d\" data-element_type=\"widget\" data-widget_type=\"heading.default\">\n\t\t\t\t<div class=\"elementor-widget-container\">\n\t\t\t<h2 class=\"elementor-heading-title elementor-size-default\">Ideabook Wire o Coil Notebook<\/h2>\t\t<\/div>\n\t\t\t\t<\/div>\n\t\t\t\t<div class=\"elementor-element elementor-element-daec2cf elementor-widget elementor-widget-image\" data-id=\"daec2cf\" data-element_type=\"widget\" data-widget_type=\"image.default\">\n\t\t\t\t<div class=\"elementor-widget-container\">\n\t\t\t\t\t\t\t\t\t\t\t\t\t\t<a href=\"https:\/\/cuadernoscosidos.com\/en\/cuaderno-arillo-metalico\/\">\n\t\t\t\t\t\t\t<img decoding=\"async\" width=\"800\" height=\"648\" src=\"https:\/\/cuadernoscosidos.com\/wp-content\/uploads\/2024\/10\/arillo-metalico-ideabook.jpg\" class=\"attachment-large size-large wp-image-14\" alt=\"\" srcset=\"https:\/\/cuadernoscosidos.com\/wp-content\/uploads\/2024\/10\/arillo-metalico-ideabook.jpg 949w, https:\/\/cuadernoscosidos.com\/wp-content\/uploads\/2024\/10\/arillo-metalico-ideabook-300x243.jpg 300w, https:\/\/cuadernoscosidos.com\/wp-content\/uploads\/2024\/10\/arillo-metalico-ideabook-768x622.jpg 768w\" sizes=\"(max-width: 800px) 100vw, 800px\" \/>\t\t\t\t\t\t\t\t<\/a>\n\t\t\t\t\t\t\t\t\t\t\t\t\t<\/div>\n\t\t\t\t<\/div>\n\t\t\t\t<\/div>\n\t\t<div class=\"elementor-element elementor-element-c910c0e e-con-full e-flex e-con e-child\" data-id=\"c910c0e\" data-element_type=\"container\">\n\t\t\t\t<div class=\"elementor-element elementor-element-e491694 elementor-widget elementor-widget-heading\" data-id=\"e491694\" data-element_type=\"widget\" data-widget_type=\"heading.default\">\n\t\t\t\t<div class=\"elementor-widget-container\">\n\t\t\t<h2 class=\"elementor-heading-title elementor-size-default\">Professional Ecobook<\/h2>\t\t<\/div>\n\t\t\t\t<\/div>\n\t\t<div class=\"elementor-element elementor-element-007e789 e-con-full e-flex e-con e-child\" data-id=\"007e789\" data-element_type=\"container\">\n\t\t\t\t<div class=\"elementor-element elementor-element-33673b1 elementor-widget elementor-widget-image\" data-id=\"33673b1\" data-element_type=\"widget\" data-widget_type=\"image.default\">\n\t\t\t\t<div class=\"elementor-widget-container\">\n\t\t\t\t\t\t\t\t\t\t\t\t\t\t<a href=\"https:\/\/cuadernoscosidos.com\/en\/profesional-ecobook\/\">\n\t\t\t\t\t\t\t<img loading=\"lazy\" decoding=\"async\" width=\"232\" height=\"300\" src=\"https:\/\/cuadernoscosidos.com\/wp-content\/uploads\/2024\/10\/Cuaderno-Cosido-Forma-Profesional-1-232x300.jpg\" class=\"attachment-medium size-medium wp-image-514\" alt=\"\" srcset=\"https:\/\/cuadernoscosidos.com\/wp-content\/uploads\/2024\/10\/Cuaderno-Cosido-Forma-Profesional-1-232x300.jpg 232w, https:\/\/cuadernoscosidos.com\/wp-content\/uploads\/2024\/10\/Cuaderno-Cosido-Forma-Profesional-1.jpg 300w\" sizes=\"(max-width: 232px) 100vw, 232px\" \/>\t\t\t\t\t\t\t\t<\/a>\n\t\t\t\t\t\t\t\t\t\t\t\t\t<\/div>\n\t\t\t\t<\/div>\n\t\t\t\t<\/div>\n\t\t\t\t<\/div>\n\t\t<div class=\"elementor-element elementor-element-25b8489 e-con-full e-flex e-con e-child\" data-id=\"25b8489\" data-element_type=\"container\">\n\t\t\t\t<div class=\"elementor-element elementor-element-177f4a8 elementor-widget elementor-widget-heading\" data-id=\"177f4a8\" data-element_type=\"widget\" data-widget_type=\"heading.default\">\n\t\t\t\t<div class=\"elementor-widget-container\">\n\t\t\t<h2 class=\"elementor-heading-title elementor-size-default\">Customized<\/h2>\t\t<\/div>\n\t\t\t\t<\/div>\n\t\t<div class=\"elementor-element elementor-element-f2f9f63 e-con-full e-flex e-con e-child\" data-id=\"f2f9f63\" data-element_type=\"container\">\n\t\t\t\t<div class=\"elementor-element elementor-element-7279241 elementor-widget elementor-widget-image\" data-id=\"7279241\" data-element_type=\"widget\" data-widget_type=\"image.default\">\n\t\t\t\t<div class=\"elementor-widget-container\">\n\t\t\t\t\t\t\t\t\t\t\t\t\t\t<a href=\"https:\/\/cuadernoscosidos.com\/en\/cuaderno-personalizado\/\">\n\t\t\t\t\t\t\t<img loading=\"lazy\" decoding=\"async\" width=\"232\" height=\"300\" src=\"https:\/\/cuadernoscosidos.com\/wp-content\/uploads\/2024\/10\/yourlogo.png\" class=\"attachment-medium size-medium wp-image-521\" alt=\"Cuaderno personalizado por Cuadernos Cosidos, adaptado a tus necesidades.\" srcset=\"https:\/\/cuadernoscosidos.com\/wp-content\/uploads\/2024\/10\/yourlogo.png 232w, https:\/\/cuadernoscosidos.com\/wp-content\/uploads\/2024\/10\/yourlogo-9x12.png 9w\" sizes=\"(max-width: 232px) 100vw, 232px\" \/>\t\t\t\t\t\t\t\t<\/a>\n\t\t\t\t\t\t\t\t\t\t\t\t\t<\/div>\n\t\t\t\t<\/div>\n\t\t\t\t<\/div>\n\t\t\t\t<\/div>\n\t\t\t\t\t<\/div>\n\t\t\t\t<\/div>\n\t\t<div class=\"elementor-element elementor-element-afb7157 e-flex e-con-boxed e-con e-parent\" data-id=\"afb7157\" data-element_type=\"container\">\n\t\t\t\t\t<div class=\"e-con-inner\">\n\t\t\t\t<div class=\"elementor-element elementor-element-6d22211 elementor-align-center elementor-widget elementor-widget-button\" data-id=\"6d22211\" data-element_type=\"widget\" data-widget_type=\"button.default\">\n\t\t\t\t<div class=\"elementor-widget-container\">\n\t\t\t\t\t\t\t<div class=\"elementor-button-wrapper\">\n\t\t\t\t\t<a class=\"elementor-button elementor-button-link elementor-size-sm\" href=\"https:\/\/cuadernoscosidos.com\/en\/pre-orden\/\">\n\t\t\t\t\t\t<span class=\"elementor-button-content-wrapper\">\n\t\t\t\t\t\t\t\t\t<span class=\"elementor-button-text\">Get a Quote<\/span>\n\t\t\t\t\t<\/span>\n\t\t\t\t\t<\/a>\n\t\t\t\t<\/div>\n\t\t\t\t\t\t<\/div>\n\t\t\t\t<\/div>\n\t\t\t\t\t<\/div>\n\t\t\t\t<\/div>\n\t\t\t\t<\/div>","protected":false},"excerpt":{"rendered":"<p>Cuadernos Cosidos se especializa en la creaci\u00f3n de cuadernos de alta calidad, combinando dise\u00f1o y funcionalidad en cada producto. Descubre nuestras colecciones: el cl\u00e1sico Italiano Ideabook, el vers\u00e1til Profesional Ideabook y el ecol\u00f3gico Profesional Ecobook. Adem\u00e1s, ofrecemos cuadernos personalizados, adaptados a tus gustos y necesidades, ideales para estudiantes, creativos y profesionales. Cada cuaderno est\u00e1 elaborado con materiales premium y dise\u00f1os pensados para inspirarte en cada p\u00e1gina. Con Cuadernos Cosidos, lleva tus ideas al siguiente nivel con estilo y calidad.<\/p>\n<p>Este extracto destaca las caracter\u00edsticas clave de los productos, dando a conocer la propuesta de valor y los beneficios para los clientes.<\/p>","protected":false},"author":1,"featured_media":627,"parent":0,"menu_order":0,"comment_status":"closed","ping_status":"closed","template":"","meta":{"footnotes":""},"class_list":["post-9","page","type-page","status-publish","has-post-thumbnail","hentry"],"_links":{"self":[{"href":"https:\/\/cuadernoscosidos.com\/en\/wp-json\/wp\/v2\/pages\/9","targetHints":{"allow":["GET"]}}],"collection":[{"href":"https:\/\/cuadernoscosidos.com\/en\/wp-json\/wp\/v2\/pages"}],"about":[{"href":"https:\/\/cuadernoscosidos.com\/en\/wp-json\/wp\/v2\/types\/page"}],"author":[{"embeddable":true,"href":"https:\/\/cuadernoscosidos.com\/en\/wp-json\/wp\/v2\/users\/1"}],"replies":[{"embeddable":true,"href":"https:\/\/cuadernoscosidos.com\/en\/wp-json\/wp\/v2\/comments?post=9"}],"version-history":[{"count":206,"href":"https:\/\/cuadernoscosidos.com\/en\/wp-json\/wp\/v2\/pages\/9\/revisions"}],"predecessor-version":[{"id":1277,"href":"https:\/\/cuadernoscosidos.com\/en\/wp-json\/wp\/v2\/pages\/9\/revisions\/1277"}],"wp:featuredmedia":[{"embeddable":true,"href":"https:\/\/cuadernoscosidos.com\/en\/wp-json\/wp\/v2\/media\/627"}],"wp:attachment":[{"href":"https:\/\/cuadernoscosidos.com\/en\/wp-json\/wp\/v2\/media?parent=9"}],"curies":[{"name":"wp","href":"https:\/\/api.w.org\/{rel}","templated":true}]}}